{"id":5705,"date":"2022-06-13T11:03:59","date_gmt":"2022-06-13T09:03:59","guid":{"rendered":"https:\/\/cognid.de\/conditions\/"},"modified":"2025-05-16T09:12:50","modified_gmt":"2025-05-16T07:12:50","slug":"conditions","status":"publish","type":"page","link":"https:\/\/cognid.de\/en\/conditions\/","title":{"rendered":"Conditions"},"content":{"rendered":"<p>[et_pb_section fb_built=&#8221;1&#8243; fullwidth=&#8221;on&#8221; next_background_color=&#8221;#ffffff&#8221; admin_label=&#8221;Hero&#8221; _builder_version=&#8221;4.16&#8243; background_image=&#8221;https:\/\/cognid.de\/wp-content\/uploads\/2021\/08\/fc_book-01.jpg&#8221; background_enable_video_mp4=&#8221;off&#8221; allow_player_pause=&#8221;on&#8221; custom_padding=&#8221;0px|0|0px|0px|false|false&#8221; bottom_divider_style=&#8221;curve&#8221; bottom_divider_height=&#8221;0px&#8221; bottom_divider_repeat=&#8221;1x&#8221; background_last_edited=&#8221;off|desktop&#8221; global_colors_info=&#8221;{}&#8221;][et_pb_fullwidth_header title=&#8221;Conditions&#8221; admin_label=&#8221;Fullwidth Header&#8221; _builder_version=&#8221;4.16&#8243; title_font=&#8221;||||||||&#8221; title_text_align=&#8221;center&#8221; title_font_size=&#8221;80px&#8221; title_line_height=&#8221;1.2em&#8221; content_font=&#8221;||||||||&#8221; content_text_align=&#8221;center&#8221; content_font_size=&#8221;18px&#8221; content_line_height=&#8221;1.8em&#8221; background_color=&#8221;rgba(0,0,0,0)&#8221; use_background_color_gradient=&#8221;on&#8221; background_color_gradient_direction=&#8221;140deg&#8221; background_color_gradient_stops=&#8221;rgba(0,72,114,0.9) 0%|rgba(41,17,96,0.8) 100%&#8221; background_color_gradient_start=&#8221;rgba(0,72,114,0.9)&#8221; background_color_gradient_end=&#8221;rgba(41,17,96,0.8)&#8221; parallax=&#8221;on&#8221; parallax_method=&#8221;on&#8221; custom_button_one=&#8221;on&#8221; button_one_text_size=&#8221;15px&#8221; button_one_bg_color=&#8221;#ffa727&#8243; button_one_border_width=&#8221;15px&#8221; button_one_border_color=&#8221;#ffa727&#8243; button_one_border_radius=&#8221;100px&#8221; button_one_letter_spacing=&#8221;5px&#8221; button_one_font=&#8221;Open Sans|700||on|||||&#8221; custom_margin=&#8221;|||&#8221; custom_padding=&#8221;13vw||13vw||true|&#8221; custom_padding_tablet=&#8221;100px||100px||true&#8221; custom_padding_phone=&#8221;|||&#8221; custom_padding_last_edited=&#8221;on|desktop&#8221; title_font_size_tablet=&#8221;60px&#8221; title_font_size_phone=&#8221;36px&#8221; title_font_size_last_edited=&#8221;on|phone&#8221; content_font_size_tablet=&#8221;&#8221; content_font_size_phone=&#8221;16px&#8221; content_font_size_last_edited=&#8221;on|phone&#8221; button_one_text_size_tablet=&#8221;&#8221; button_one_text_size_phone=&#8221;&#8221; button_one_text_size_last_edited=&#8221;on|desktop&#8221; button_one_border_color_hover=&#8221;#ff8a3d&#8221; button_one_border_radius_hover=&#8221;100px&#8221; button_one_letter_spacing_hover=&#8221;5px&#8221; button_one_bg_color_hover=&#8221;#ff8a3d&#8221; global_colors_info=&#8221;{}&#8221; button_one_text_size__hover_enabled=&#8221;off&#8221; button_two_text_size__hover_enabled=&#8221;off&#8221; button_one_text_color__hover_enabled=&#8221;off&#8221; button_two_text_color__hover_enabled=&#8221;off&#8221; button_one_border_width__hover_enabled=&#8221;off&#8221; button_two_border_width__hover_enabled=&#8221;off&#8221; button_one_border_color__hover_enabled=&#8221;on&#8221; button_one_border_color__hover=&#8221;#ff8a3d&#8221; button_two_border_color__hover_enabled=&#8221;off&#8221; button_one_border_radius__hover_enabled=&#8221;on&#8221; button_one_border_radius__hover=&#8221;100px&#8221; button_two_border_radius__hover_enabled=&#8221;off&#8221; button_one_letter_spacing__hover_enabled=&#8221;on&#8221; button_one_letter_spacing__hover=&#8221;5px&#8221; button_two_letter_spacing__hover_enabled=&#8221;off&#8221; button_one_bg_color__hover_enabled=&#8221;on&#8221; button_one_bg_color__hover=&#8221;#ff8a3d&#8221; button_two_bg_color__hover_enabled=&#8221;off&#8221;]<\/p>\n<p>Everything you need to know.<\/p>\n<p>[\/et_pb_fullwidth_header][\/et_pb_section][et_pb_section fb_built=&#8221;1&#8243; _builder_version=&#8221;4.16&#8243; global_colors_info=&#8221;{}&#8221;][et_pb_row _builder_version=&#8221;4.16&#8243; _module_preset=&#8221;default&#8221; global_colors_info=&#8221;{}&#8221;][et_pb_column type=&#8221;4_4&#8243; _builder_version=&#8221;4.16&#8243; _module_preset=&#8221;default&#8221; global_colors_info=&#8221;{}&#8221;][et_pb_text _builder_version=&#8221;4.17.4&#8243; _module_preset=&#8221;default&#8221; global_colors_info=&#8221;{}&#8221;]<\/p>\n<h1>Allgemeine Gesch\u00e4ftsbedingungen \u2013 COGNID Telematik GmbH<\/h1>\n<p>&nbsp;<\/p>\n<h2>1.\u00a0\u00a0\u00a0 Geltungsbereich<\/h2>\n<p>Die COGNID Telematik GmbH, nachfolgend COGNID genannt, bietet Produkte, Dienstleistungen sowie Internetdienstleistungen an. Zur Erbringung der Internetdienstleistung werden Daten und Informationen, beispielsweise mittels Telematiksystemen und einer Datenkommunikation, auf Internet-Servern bereitgestellt, zur Anzeige gebracht oder an Endkundensysteme weitergeleitet.<\/p>\n<h2>2.\u00a0\u00a0\u00a0 Angebote, Auftragsbest\u00e4tigung, Vertrag<\/h2>\n<p>Die Angebote der COGNID sind unverbindlich und freibleibend. Auftr\u00e4ge, Abschl\u00fcsse und Vereinbarungen werden erst durch eine schriftliche Auftragsbest\u00e4tigung der COGNID verbindlich. M\u00fcndliche Vereinbarungen haben keine G\u00fcltigkeit, wenn sie nicht schriftlich von der COGNID best\u00e4tigt werden.<\/p>\n<p>Die allgemeinen Gesch\u00e4ftsbedingungen gelten auch f\u00fcr zuk\u00fcnftige Gesch\u00e4fte zwischen COGNID und Auftraggeber, wenn im Einzelfall nichts anderes schriftlich vereinbart wurde.<\/p>\n<h2>3.\u00a0\u00a0\u00a0 Leistungsbeschreibung<\/h2>\n<p>COGNID beh\u00e4lt sich das Recht vor, das Leistungsangebot zu \u00e4ndern und\/oder zu erweitern sowie die Internetdienstleistung zu aktualisieren. COGNID ist berechtigt, den vom Kunden bestellten Inhalt den ver\u00e4nderten Gegebenheiten anzupassen und wird dieses dem Kunden schriftlich oder per E-Mail mitteilen. Ein K\u00fcndigungsrecht des Kunden besteht nur bei \u00c4nderungen, Anpassungen und\/oder Erweiterungen, wenn diese f\u00fcr den Kunden nicht zumutbar sind. Sind die \u00c4nderungen, Erg\u00e4nzungen oder Erweiterungen nicht zumutbar, hat der Kunde ein Recht zur K\u00fcndigung aus wichtigem Grund. Eine solche K\u00fcndigung aus wichtigem Grund ist innerhalb einer Frist von drei Wochen nach Zugang der \u00c4nderungsmitteilung vorzunehmen.<\/p>\n<p>COGNID ist berechtigt, Dritte mit der Erbringung von Teilen oder der gesamten Leistung, beispielsweise des Serverhostings in einem Rechenzentrum, zu beauftragen.<\/p>\n<p>In der Regel stehen dem Kunden die Internetportale von COGNID jederzeit zur Verf\u00fcgung. COGNID beh\u00e4lt sich jedoch vor, die Erreichbarkeit f\u00fcr einen vor\u00fcbergehenden Zeitraum auszusetzten oder einzuschr\u00e4nken, wenn es aus Gr\u00fcnden der Sicherheit, Instandhaltung oder Wartung erforderlich ist. COGNID \u00fcbernimmt aber keine Haftung daf\u00fcr, dass das Internetportal wegen St\u00f6rungen oder Ausf\u00e4llen bei dem jeweiligen Kommunikationsdienstleister nicht erreichbar ist (vgl. Ziffer 10).<\/p>\n<h2>4.\u00a0\u00a0\u00a0 Lieferung<\/h2>\n<p>COGNID ist bestrebt die Lieferangaben bestm\u00f6glich einzuhalten. Lieferfristen werden unter dem Vorbehalt der Selbstbelieferung mit den vertraglich vereinbarten Produkten bzw. dem Vorbehalt der Selbstbelieferung f\u00fcr Teile der vertraglich vereinbarten Produkte vereinbart. Erfolgt die Belieferung von COGNID nicht bzw. versp\u00e4tet, verl\u00e4ngert sich die vereinbarte Lieferzeit entsprechend. Etwaige Versp\u00e4tungen bei der Lieferung berechtigen den Kunden nicht zum R\u00fccktritt vom Vertrag oder zur Geltendmachung von Schadensersatzanspr\u00fcchen.<\/p>\n<p>Treten Ereignisse ein, die COGNID oder dessen Zulieferer an der Lieferung hindern, wie h\u00f6here Gewalt, Streik, Betriebsst\u00f6rungen, Rohstoffmangel, Krieg, Versandsperren, Eingriffe staatlicher Beh\u00f6rden oder \u00e4hnliche Umst\u00e4nde, die COGNID nicht zu vertreten hat, so entf\u00e4llt die Lieferungspflicht f\u00fcr die Dauer des Bestehens des Hinderungsgrundes.<\/p>\n<p>F\u00fcr den Fall einer von COGNID fahrl\u00e4ssig herbeigef\u00fchrten Lieferverz\u00f6gerung wird die Entsch\u00e4digung f\u00fcr die Lieferverz\u00f6gerung beschr\u00e4nkt auf eine pauschalierte Verzugsentsch\u00e4digung in H\u00f6he von 3 % des Lieferwertes f\u00fcr jede vollendete Woche des Verzugs, maximal jedoch 15 % des gesamten Lieferwertes.<\/p>\n<h2>5.\u00a0\u00a0\u00a0 Nutzungsumfang Internetportal<\/h2>\n<p>Der Kunde ist berechtigt, den von COGNID zur Verf\u00fcgung gestellten Zugang zu den Online-Informationen zu eigenen privaten oder gewerblichen Zwecken zu nutzen. Ebenso ist der Kunde berechtigt, den Internetzugang an Dritte zu geben. Der Kunde tr\u00e4gt die Verantwortung f\u00fcr die von ihm oder durch Dritte vorgenommenen Einstellungen im Internetportal, Systemeinstellungen oder den Ger\u00e4ten und die daraus ggf. entstehenden Sch\u00e4den.<\/p>\n<p>Der Kunde ist f\u00fcr die Einhaltung der Regeln gem. der Datenschutzgrundverordnung verantwortlich. Erg\u00e4nzend verweisen wir auf die Datenschutzerkl\u00e4rung der COGNID Telematik GmbH. Ebenso ist der Kunde zur Einhaltung der Regeln gem. der Datenschutzgrundverordnung f\u00fcr die von ihm eingerichteten Mitbenutzer verantwortlich. Insbesondere verpflichtet sich der Kunde die Internetseiten und Datendienste von COGNID, sowie den zur Verf\u00fcgung gestellten Inhalt nicht rechtsmissbr\u00e4uchlich zu nutzen. Dies schlie\u00dft beispielsweise die Pflicht ein, Daten nicht gegen gesetzliche Bestimmungen, die guten Sitten, Pers\u00f6nlichkeitsrechte Dritter und\/oder die Verletzung von Schutzrechten zu verwenden. Der Kunde verpflichtet sich, eine \u00fcberm\u00e4\u00dfige Belastung oder St\u00f6rung von Servern von COGNID durch gezielte oder unsachgem\u00e4\u00dfe Nutzung zu unterlassen. Verst\u00f6\u00dft ein Kunde gegen den ihm gew\u00e4hrten Nutzungsumfang, so ist COGNID berechtigt, den Zugang des Kunden zum Internetportal zu sperren.<\/p>\n<p>Der Kunde verpflichtet sich, den ihm \u00fcberlassenen Nutzernamen und das Passwort streng geheim zu halten und im Fall eines m\u00f6glichen Bekanntwerdens des Passwortes dieses unverz\u00fcglich zu \u00e4ndern. Bei einem Missbrauch oder einem Verdacht, dass das Passwort Dritten bekannt geworden sein k\u00f6nnte, ist dies COGNID unverz\u00fcglich anzuzeigen, damit COGNID Schutzma\u00dfnahmen ergreifen kann. Verst\u00f6\u00dft der Kunde gegen die o.g. Pflichten oder besteht der Verdacht des Missbrauchs des Zugangs oder der zur Verf\u00fcgung gestellten Inhalte, ist COGNID berechtigt, den Zugang zum Server ohne vorherige Ank\u00fcndigung zu sperren. Ferner ist COGNID berechtigt, den Vertrag fristlos zu k\u00fcndigen.<\/p>\n<h2>6.\u00a0\u00a0\u00a0 Datensicherung<\/h2>\n<p>COGNID sichert die Daten t\u00e4glich. Die Aufbewahrungszeit betr\u00e4gt 3 Monate. Zus\u00e4tzlich kann der Kunde \u00fcber die Exportfunktion jederzeit die Daten sichern.<\/p>\n<h2>7.\u00a0\u00a0\u00a0 Preise \/ Rechnungen \/ F\u00e4lligkeit<\/h2>\n<p>Die in den Angeboten aufgef\u00fchrten Preise sowie die ver\u00f6ffentlichten Preise auf Internetseiten, Prospektmaterialien etc. sind freibleibend und werden erst durch die Auftragsbest\u00e4tigung durch COGNID bindend.<\/p>\n<h2>8.\u00a0\u00a0\u00a0 Rechnungen<\/h2>\n<p>Rechnungen f\u00fcr gelieferte Produkte werden mit der Lieferung \u00fcbersandt und sind 14 Tage nach Wareneingang f\u00e4llig, sofern nichts anderes schriftlich vereinbart wurde.<\/p>\n<p>Rechnungen f\u00fcr die Internetdienstleistungen werden ausschlie\u00dflich per E-Mail versandt und sind im SEPA-Lastschriftverfahren auszugleichen. Sofern ein Kunde nicht am Lastschriftverfahren teilnehmen kann, muss der Rechnungsbetrag sp\u00e4testens 14 Tage nach Rechnungsdatum, auf dem angegebenen Konto gutgeschrieben sein. Werden Rechnungen nicht bezahlt, beh\u00e4lt sich COGNID das Recht vor, den Zugang zum Internetportal zu sperren. Die Pflicht zur Bezahlung der Rechnungen bleibt hiervon unber\u00fchrt.<\/p>\n<p>Verletzt der Kunde Vertragsbedingungen, z. B. durch Zahlungsverzug, oder ergeben sich sonst Anzeichen f\u00fcr eine nachhaltige Bonit\u00e4tsverschlechterung, darf COGNID die Belieferung sofort einstellen und den sofortigen Ausgleich aller Forderungen verlangen. Soweit dann die Zahlung der r\u00fcckst\u00e4ndigen Betr\u00e4ge erfolgt, ist COGNID berechtigt, eine neue Lieferung nur gegen Vorkasse auszuliefern. Bei Nichteinhaltung der Zahlungsbedingungen kann COGNID ohne weitere Mahnung ab dem Zeitpunkt der F\u00e4lligkeit Verzugszinsen in H\u00f6he von 9 Prozentpunkten \u00fcber dem jeweiligen Basiszinssatz berechnen.<\/p>\n<h2>9.\u00a0\u00a0\u00a0 Preis\u00e4nderungen<\/h2>\n<p>COGNID hat das Recht, die Verg\u00fctung f\u00fcr die Nutzung des Internetportals an ver\u00e4nderte Gegebenheiten anzupassen. Das gleiche gilt f\u00fcr die Internetdienstleistungen und sonstige Dienstleistungen. Die Kunden erhalten eine schriftliche Mitteilung per E-Mail mit einer Vorank\u00fcndigungsfrist von 3 Monaten. Der Kunde hat das Recht, der jeweiligen Preis\u00e4nderung zu widersprechen. In diesem Fall endet der Vertrag mit Wirkung zum Ablauf der Vorank\u00fcndigungsfrist, sofern sich die Parteien nicht auf einen neuen Preis einigen.<\/p>\n<h2>10.\u00a0 Eigentumsvorbehalt<\/h2>\n<p>Alle Waren werden unter Eigentumsvorbehalt geliefert. Sie bleiben Eigentum der COGNID bis zur Erf\u00fcllung s\u00e4mtlicher Forderungen zwischen den Parteien. Solange die von COGNID gelieferte Ware unter Eigentumsvorbehalt steht, darf sie weder verpf\u00e4ndet noch zur Sicherung \u00fcbereignet werden. Ver\u00e4u\u00dfert der Kunde die Ware, so gehen die aus der Ver\u00e4u\u00dferung entstehenden Forderungen auf die COGNID \u00fcber. Der K\u00e4ufer tritt diese Forderungen hiermit an die COGNID ab.<\/p>\n<p>Von einer Pf\u00e4ndung oder anderen Beeintr\u00e4chtigung durch Dritte muss der Kunde die COGNID unverz\u00fcglich informieren.<\/p>\n<p>Ist der Kunde mit der Zahlung des Kaufpreises mehr als 30 Tage in Verzug, hat COGNID das Recht, die gelieferte Ware wieder an sich zu nehmen. Mit Ablauf dieses Zeitpunkts erlischt jegliches Besitzrecht des Kunden. Die mit der R\u00fccknahme der Ware entstehenden Kosten, auch f\u00fcr Wertminderung, Abnutzung, \u00dcberpr\u00fcfung und Neuverpackung gehen zu Lasten des Kunden.<\/p>\n<h2>11.\u00a0 Gew\u00e4hrleistung<\/h2>\n<p>Die COGNID ermittelt, \u00fcbertr\u00e4gt und bereitet Daten mit eigenen Telematikger\u00e4ten und -systemen auf und bietet auch die Anzeige von fremdbezogenen Datenerfassungs- und \u00dcbertragungseinheiten an. Die Daten werden mit gr\u00f6\u00dftm\u00f6glicher Sorgfalt aufbereitet.<\/p>\n<p>Der Kunde hat die Lieferung von Waren unverz\u00fcglich auf Versandsch\u00e4den sowie auf ihre vertragsgem\u00e4\u00dfe Beschaffenheit zu untersuchen. Fehlmengen, Versandsch\u00e4den und\/oder bei der erforderlichen Untersuchung erkennbare M\u00e4ngel sind sofort nach Anlieferung dem anliefernden Transportdienstleister und COGNID schriftlich mitzuteilen. Diese Mitteilung hat innerhalb von f\u00fcnf Werktagen nach Eingang zu erfolgen. Versteckte Abweichungen und M\u00e4ngel sind unverz\u00fcglich nach Erkennbarkeit zu r\u00fcgen. Die R\u00fcge hat innerhalb von f\u00fcnf Tagen nach Erkennbarkeit schriftlich zu erfolgen. Jede R\u00fcge muss mit genauer Schilderung schriftlich erfolgen. Bei Missachtung dieser Untersuchungs- und R\u00fcgepflichten entfallen s\u00e4mtliche Gew\u00e4hrleistungsanspr\u00fcche.<\/p>\n<p>Die Gew\u00e4hrleistung der gelieferten Telematikger\u00e4ten oder anderen Hardwarekomponenten erfordert einen fachgerechten An-, Einbau und die fachgerechte Montage der Komponenten. Das muss durch ein lnbetriebnahmeprotokoll nachgewiesen werden. Die Gew\u00e4hrleistungsanspr\u00fcche der COGNID scheiden aus, wenn keine fachm\u00e4nnische Inbetriebnahme erfolgt ist, der bestimmungsgem\u00e4\u00dfe Gebrauch der Ger\u00e4te und Komponenten nicht gegeben ist oder die gelieferten Komponenten durch den Kunden ver\u00e4ndert werden.<\/p>\n<p>Von der Gew\u00e4hrleistung ebenfalls ausgeschlossen sind Sch\u00e4den, welche auf normaler Abnutzung, fehlerhafter Behandlung, ungeeigneter Betriebsmittel, unsachgem\u00e4\u00dfer Lagerung oder ungeeigneten klimatischen, chemischen, elektrochemischen und\/oder elektrischen Einwirkungen hervorgerufen worden sind. Gew\u00e4hrleistungsanspr\u00fcche verj\u00e4hren in 12 Monaten nach Lieferung der jeweiligen Waren.<\/p>\n<p>Sollten gelieferte Waren einen Mangel aufweisen, der bereits zum Zeitpunkt des Gefahr\u00fcbergangs vorhanden war, wird COGNID die Waren, vorbehaltlicher einer fristgerechten M\u00e4ngelr\u00fcge, nach Wahl von COGNID nachbessern oder Ersatzware liefern. Der COGNID ist stets Gelegenheit zur Nacherf\u00fcllung innerhalb einer angemessenen Frist einzur\u00e4umen. Schl\u00e4gt die Nacherf\u00fcllung fehl, kann der Kunde &#8211; unbeschadet etwaiger Schadensersatzanspr\u00fcche &#8211; vom Vertrag zur\u00fccktreten oder die Verg\u00fctung mindern.<\/p>\n<h2>12.\u00a0 Haftung<\/h2>\n<p>Schadensersatzanspr\u00fcche werden in dem gesetzlich zul\u00e4ssigen Umfang ausgeschlossen. Das gilt nicht f\u00fcr eine Haftung von COGNID nach zwingenden gesetzlichen Vorschriften (z. B. Produkthaftungsgesetz) sowie bei vors\u00e4tzlichen oder grob fahrl\u00e4ssigen Handlungen bzw. im Fall der Verletzung des Lebens, des K\u00f6rpers oder der Gesundheit. Der Ausschluss greift daneben nicht ein bei der Verletzung wesentlicher Vertragspflichten. F\u00fcr den Fall der Verletzung wesentlicher Vertragspflichten wird der Schadensersatzanspruch auf vertragstypische, vorhersehbare Sch\u00e4den begrenzt.<\/p>\n<p>Zur Erbringung der Kommunikationsdienstleistung werden Mobilfunkdienstleister wie beispielsweise Vodafone oder Telekom sowie deren Roamingpartner sowie Datenleitungen zwischen den Gesch\u00e4ftspartnern ben\u00f6tigt. F\u00fcr St\u00f6rungen und Ausf\u00e4lle, die auf der Leistung von Dritten beruhen, kann COGNID keine Haftung \u00fcbernehmen. COGNID haftet nicht f\u00fcr Sch\u00e4den, die dem Kunden durch eine unrichtige, unvollst\u00e4ndige oder nicht aktuelle Information entstehen.<\/p>\n<h2>13.\u00a0 Datenschutz<\/h2>\n<p>Es gelten die Angaben der Datenschutzerkl\u00e4rung nach: <a href=\"https:\/\/cognid.de\/privacy-policy\/\">https:\/\/cognid.de\/privacy-policy\/<\/a><\/p>\n<p>COGNID ist berechtigt, Auskunft an Strafverfolgungsbeh\u00f6rden und Gerichte f\u00fcr Zwecke der Strafverfolgung zu erteilen. COGNID h\u00e4lt die Regeln des Datenschutzes ein und steht daf\u00fcr ein, dass alle Personen, die mit der Abwicklung dieses Vertrages betraut werden, diese Vorschriften ebenfalls beachten.<\/p>\n<h2>14.\u00a0 Sonstiges \/ Gerichtsstand<\/h2>\n<p>Gegen Anspr\u00fcche von COGNID kann der Kunde nur mit unbestrittenen oder rechtskr\u00e4ftigen Anspr\u00fcchen aufrechnen. Es gilt ausschlie\u00dflich deutsches Recht, unabh\u00e4ngig davon, ob der Bezug der Daten von COGNID aus dem In- oder Ausland erfolgt. Bei Kaufleuten sowie juristischen Person des \u00f6ffentlichen Rechts ist Gerichtsstand f\u00fcr alle Streitigkeiten aus diesem Vertrag Dortmund.<\/p>\n<p>COGNID beh\u00e4lt sich das Recht vor, die AGB zu \u00e4ndern. Sollte der Kunde nicht nur einmalige Leistungen, sondern von COGNID \u00fcber einen l\u00e4ngeren Zeitraum zu erbringende Leistungen bestellt haben, so gelten jeweils bei Vertragsschluss ma\u00dfgeblichen AGB. \u00c4nderungen der AGB werden jeweils aktuell auf der Internetseite ver\u00f6ffentlicht.<\/p>\n<p>Sofern eine Bestimmung dieser AGB unwirksam ist, bleiben die \u00fcbrigen Bestimmungen davon unber\u00fchrt. Unwirksame Bestimmungen werden durch solche ersetzt, die dem Sinn und Zweck der unwirksamen Bestimmung in rechtswirksamer Weise wirtschaftlich am n\u00e4chsten kommen. Gleiches gilt f\u00fcr eine Regelungsl\u00fccke.<\/p>\n<p>[\/et_pb_text][\/et_pb_column][\/et_pb_row][\/et_pb_section]<\/p>\n","protected":false},"excerpt":{"rendered":"<p>Everything you need to know.Allgemeine Gesch\u00e4ftsbedingungen \u2013 COGNID Telematik GmbH &nbsp; 1.\u00a0\u00a0\u00a0 Geltungsbereich Die COGNID Telematik GmbH, nachfolgend COGNID genannt, bietet Produkte, Dienstleistungen sowie Internetdienstleistungen an. Zur Erbringung der Internetdienstleistung [&hellip;]<\/p>\n","protected":false},"author":1,"featured_media":0,"parent":0,"menu_order":0,"comment_status":"closed","ping_status":"closed","template":"","meta":{"_et_pb_use_builder":"on","_et_pb_old_content":"","_et_gb_content_width":"","footnotes":""},"class_list":["post-5705","page","type-page","status-publish","hentry"],"_links":{"self":[{"href":"https:\/\/cognid.de\/en\/wp-json\/wp\/v2\/pages\/5705","targetHints":{"allow":["GET"]}}],"collection":[{"href":"https:\/\/cognid.de\/en\/wp-json\/wp\/v2\/pages"}],"about":[{"href":"https:\/\/cognid.de\/en\/wp-json\/wp\/v2\/types\/page"}],"author":[{"embeddable":true,"href":"https:\/\/cognid.de\/en\/wp-json\/wp\/v2\/users\/1"}],"replies":[{"embeddable":true,"href":"https:\/\/cognid.de\/en\/wp-json\/wp\/v2\/comments?post=5705"}],"version-history":[{"count":15,"href":"https:\/\/cognid.de\/en\/wp-json\/wp\/v2\/pages\/5705\/revisions"}],"predecessor-version":[{"id":8162,"href":"https:\/\/cognid.de\/en\/wp-json\/wp\/v2\/pages\/5705\/revisions\/8162"}],"wp:attachment":[{"href":"https:\/\/cognid.de\/en\/wp-json\/wp\/v2\/media?parent=5705"}],"curies":[{"name":"wp","href":"https:\/\/api.w.org\/{rel}","templated":true}]}}